{"id":162,"date":"2024-07-15T20:22:08","date_gmt":"2024-07-15T17:22:08","guid":{"rendered":"http:\/\/demo.aspinatekstil.com\/?page_id=162"},"modified":"2024-08-28T21:18:51","modified_gmt":"2024-08-28T18:18:51","slug":"urunlerimiz","status":"publish","type":"page","link":"https:\/\/eminkumascilik.com\/index.php\/urunlerimiz\/","title":{"rendered":"\u00dcr\u00fcnlerimiz"},"content":{"rendered":"\t\t<div data-elementor-type=\"wp-page\" data-elementor-id=\"162\" class=\"elementor elementor-162\">\n\t\t\t\t<div class=\"elementor-element elementor-element-35c7dab6 e-flex e-con-boxed e-con e-parent\" data-id=\"35c7dab6\" data-element_type=\"container\" data-settings=\"{&quot;background_background&quot;:&quot;classic&quot;}\">\n\t\t\t\t\t<div class=\"e-con-inner\">\n\t\t\t\t<div class=\"elementor-element elementor-element-6a757030 elementor-widget elementor-widget-heading\" data-id=\"6a757030\" data-element_type=\"widget\" data-widget_type=\"heading.default\">\n\t\t\t\t<div class=\"elementor-widget-container\">\n\t\t\t\t\t<h2 class=\"elementor-heading-title elementor-size-default\">\u00dcr\u00fcnlerimiz<\/h2>\t\t\t\t<\/div>\n\t\t\t\t<\/div>\n\t\t\t\t<div class=\"elementor-element elementor-element-7543e1a5 elementor-widget elementor-widget-text-editor\" data-id=\"7543e1a5\" data-element_type=\"widget\" data-widget_type=\"text-editor.default\">\n\t\t\t\t<div class=\"elementor-widget-container\">\n\t\t\t\t\t\t\t\t\t<p>Anasayfa \/ \u00dcr\u00fcnlerimiz<\/p>\t\t\t\t\t\t\t\t<\/div>\n\t\t\t\t<\/div>\n\t\t\t\t\t<\/div>\n\t\t\t\t<\/div>\n\t\t<div class=\"elementor-element elementor-element-d42139d e-flex e-con-boxed e-con e-parent\" data-id=\"d42139d\" data-element_type=\"container\">\n\t\t\t\t\t<div class=\"e-con-inner\">\n\t\t\t\t<div class=\"elementor-element elementor-element-47d9bb1 elementor-widget elementor-widget-heading\" data-id=\"47d9bb1\" data-element_type=\"widget\" data-widget_type=\"heading.default\">\n\t\t\t\t<div class=\"elementor-widget-container\">\n\t\t\t\t\t<div class=\"elementor-heading-title elementor-size-default\">EM\u0130N KUMA\u015e\u00c7ILIK<\/div>\t\t\t\t<\/div>\n\t\t\t\t<\/div>\n\t\t\t\t<div class=\"elementor-element elementor-element-6fb647f animated-slow elementor-invisible elementor-widget elementor-widget-heading\" data-id=\"6fb647f\" data-element_type=\"widget\" data-settings=\"{&quot;_animation&quot;:&quot;fadeInUp&quot;}\" data-widget_type=\"heading.default\">\n\t\t\t\t<div class=\"elementor-widget-container\">\n\t\t\t\t\t<h3 class=\"elementor-heading-title elementor-size-default\">\u00dcretim Yelpazemiz<\/h3>\t\t\t\t<\/div>\n\t\t\t\t<\/div>\n\t\t\t\t<div class=\"elementor-element elementor-element-f98fe1a elementor-widget__width-initial elementor-widget elementor-widget-text-editor\" data-id=\"f98fe1a\" data-element_type=\"widget\" data-widget_type=\"text-editor.default\">\n\t\t\t\t<div class=\"elementor-widget-container\">\n\t\t\t\t\t\t\t\t\t<p>Firmam\u0131z, y\u0131llar\u0131n tecr\u00fcbesi ve yenilik\u00e7i yakla\u015f\u0131mlar\u0131m\u0131zla, kuma\u015f \u00fcretiminde sekt\u00f6re \u00f6nc\u00fcl\u00fck etmektedir. \u00dcretim yelpazemiz, her t\u00fcrl\u00fc ihtiyaca y\u00f6nelik geni\u015f bir \u00fcr\u00fcn gam\u0131 sunar<\/p>\t\t\t\t\t\t\t\t<\/div>\n\t\t\t\t<\/div>\n\t\t<div class=\"elementor-element elementor-element-d58fca8 e-con-full e-flex e-con e-child\" data-id=\"d58fca8\" data-element_type=\"container\">\n\t\t\t\t<div class=\"elementor-element elementor-element-7e4faea elementor-widget__width-initial animated-slow ekit-equal-height-disable elementor-invisible elementor-widget elementor-widget-elementskit-image-box\" data-id=\"7e4faea\" data-element_type=\"widget\" data-settings=\"{&quot;_animation&quot;:&quot;fadeInLeft&quot;}\" data-widget_type=\"elementskit-image-box.default\">\n\t\t\t\t<div class=\"elementor-widget-container\">\n\t\t\t\t\t<div class=\"ekit-wid-con\" >\n            <div class=\"elementskit-info-image-box ekit-image-box text-center style-modern\" >\n\n                \n                <div class=\"elementskit-box-header image-box-img-center\">\n\n                    <img fetchpriority=\"high\" decoding=\"async\" width=\"800\" height=\"800\" src=\"https:\/\/eminkumascilik.com\/wp-content\/uploads\/2024\/07\/Crep-Kumas.jpg\" class=\"attachment-full size-full wp-image-334\" alt=\"\" srcset=\"https:\/\/eminkumascilik.com\/wp-content\/uploads\/2024\/07\/Crep-Kumas.jpg 800w, https:\/\/eminkumascilik.com\/wp-content\/uploads\/2024\/07\/Crep-Kumas-300x300.jpg 300w, https:\/\/eminkumascilik.com\/wp-content\/uploads\/2024\/07\/Crep-Kumas-150x150.jpg 150w, https:\/\/eminkumascilik.com\/wp-content\/uploads\/2024\/07\/Crep-Kumas-768x768.jpg 768w\" sizes=\"(max-width: 800px) 100vw, 800px\" \/>\n                <\/div>\n                \n                <div class=\"elementskit-box-body ekit-image-box-body\">\n                    <div class=\"elementskit-box-content ekit-image-box-body-inner\">\n                                                <h4 class=\"elementskit-info-box-title\">\n\n                        \u00d6rme Kuma\u015f\n                        \n                    <\/h4>\n                                                            <div class=\"elementskit-box-style-content\">\n                        \u00d6rme kuma\u015f, ipliklerin birbiri etraf\u0131nda \u00f6r\u00fclerek olu\u015fturulan esnek ve dayan\u0131kl\u0131 bir tekstil malzemesidir. Bu kuma\u015flar, genellikle giyim sekt\u00f6r\u00fcnde ve ev tekstil \u00fcr\u00fcnlerinde kullan\u0131l\u0131r.                    <\/div>\n                                    <\/div>\n\n                                <div class=\"elementskit-box-footer\">\n                    <div class=\"box-footer\">\n                        <div class=\"btn-wraper\">\n                                                            <a href=\"http:\/\/demo.aspinatekstil.com\/index.php\/orme-kumas-imalati\/\" class=\"elementskit-btn whitespace--normal\">\n                                    \u0130NCELE\n                                    <svg aria-hidden=\"true\" class=\"e-font-icon-svg e-far-arrow-alt-circle-right\" viewBox=\"0 0 512 512\" xmlns=\"http:\/\/www.w3.org\/2000\/svg\"><path d=\"M504 256C504 119 393 8 256 8S8 119 8 256s111 248 248 248 248-111 248-248zm-448 0c0-110.5 89.5-200 200-200s200 89.5 200 200-89.5 200-200 200S56 366.5 56 256zm72 20v-40c0-6.6 5.4-12 12-12h116v-67c0-10.7 12.9-16 20.5-8.5l99 99c4.7 4.7 4.7 12.3 0 17l-99 99c-7.6 7.6-20.5 2.2-20.5-8.5v-67H140c-6.6 0-12-5.4-12-12z\"><\/path><\/svg>\n                                <\/a>\n                                                        <\/div>\n                    <\/div>\n                <\/div>\n                            <\/div>\n            <\/div>\n    <\/div>\t\t\t\t<\/div>\n\t\t\t\t<\/div>\n\t\t\t\t<div class=\"elementor-element elementor-element-054d475 elementor-widget__width-initial animated-slow ekit-equal-height-disable elementor-invisible elementor-widget elementor-widget-elementskit-image-box\" data-id=\"054d475\" data-element_type=\"widget\" data-settings=\"{&quot;_animation&quot;:&quot;fadeInUp&quot;}\" data-widget_type=\"elementskit-image-box.default\">\n\t\t\t\t<div class=\"elementor-widget-container\">\n\t\t\t\t\t<div class=\"ekit-wid-con\" >\n            <div class=\"elementskit-info-image-box ekit-image-box text-center style-modern\" >\n\n                \n                <div class=\"elementskit-box-header image-box-img-center\">\n\n                    <img decoding=\"async\" width=\"900\" height=\"900\" src=\"https:\/\/eminkumascilik.com\/wp-content\/uploads\/2024\/07\/wool-sweater-pattern-PQFWC5Da.jpg\" class=\"attachment-full size-full wp-image-72\" alt=\"\" srcset=\"https:\/\/eminkumascilik.com\/wp-content\/uploads\/2024\/07\/wool-sweater-pattern-PQFWC5Da.jpg 900w, https:\/\/eminkumascilik.com\/wp-content\/uploads\/2024\/07\/wool-sweater-pattern-PQFWC5Da-300x300.jpg 300w, https:\/\/eminkumascilik.com\/wp-content\/uploads\/2024\/07\/wool-sweater-pattern-PQFWC5Da-150x150.jpg 150w, https:\/\/eminkumascilik.com\/wp-content\/uploads\/2024\/07\/wool-sweater-pattern-PQFWC5Da-768x768.jpg 768w\" sizes=\"(max-width: 900px) 100vw, 900px\" \/>\n                <\/div>\n                \n                <div class=\"elementskit-box-body ekit-image-box-body\">\n                    <div class=\"elementskit-box-content ekit-image-box-body-inner\">\n                                                <h4 class=\"elementskit-info-box-title\">\n\n                        Dokuma Kuma\u015f\n                        \n                    <\/h4>\n                                                            <div class=\"elementskit-box-style-content\">\n                        Dokuma kuma\u015f, \u00e7\u00f6zg\u00fc ve atk\u0131 ipliklerinin belirli bir desen olu\u015fturacak \u015fekilde birbirleriyle \u00e7aprazlanarak olu\u015fturulan tekstil malzemesidir.                    <\/div>\n                                    <\/div>\n\n                                <div class=\"elementskit-box-footer\">\n                    <div class=\"box-footer\">\n                        <div class=\"btn-wraper\">\n                                                            <a href=\"http:\/\/demo.aspinatekstil.com\/index.php\/dokuma-kumas-imalati\/\" class=\"elementskit-btn whitespace--normal\">\n                                    \u0130NCELE\n                                    <svg aria-hidden=\"true\" class=\"e-font-icon-svg e-far-arrow-alt-circle-right\" viewBox=\"0 0 512 512\" xmlns=\"http:\/\/www.w3.org\/2000\/svg\"><path d=\"M504 256C504 119 393 8 256 8S8 119 8 256s111 248 248 248 248-111 248-248zm-448 0c0-110.5 89.5-200 200-200s200 89.5 200 200-89.5 200-200 200S56 366.5 56 256zm72 20v-40c0-6.6 5.4-12 12-12h116v-67c0-10.7 12.9-16 20.5-8.5l99 99c4.7 4.7 4.7 12.3 0 17l-99 99c-7.6 7.6-20.5 2.2-20.5-8.5v-67H140c-6.6 0-12-5.4-12-12z\"><\/path><\/svg>\n                                <\/a>\n                                                        <\/div>\n                    <\/div>\n                <\/div>\n                            <\/div>\n            <\/div>\n    <\/div>\t\t\t\t<\/div>\n\t\t\t\t<\/div>\n\t\t\t\t<div class=\"elementor-element elementor-element-9f8f87c elementor-widget__width-initial animated-slow ekit-equal-height-disable elementor-invisible elementor-widget elementor-widget-elementskit-image-box\" data-id=\"9f8f87c\" data-element_type=\"widget\" data-settings=\"{&quot;_animation&quot;:&quot;fadeInRight&quot;}\" data-widget_type=\"elementskit-image-box.default\">\n\t\t\t\t<div class=\"elementor-widget-container\">\n\t\t\t\t\t<div class=\"ekit-wid-con\" >\n            <div class=\"elementskit-info-image-box ekit-image-box text-center style-modern\" >\n\n                \n                <div class=\"elementskit-box-header image-box-img-center\">\n\n                    <img decoding=\"async\" width=\"1000\" height=\"1000\" src=\"https:\/\/eminkumascilik.com\/wp-content\/uploads\/2024\/07\/Orme-Triko-Kumas-3.jpg\" class=\"attachment-full size-full wp-image-317\" alt=\"\" srcset=\"https:\/\/eminkumascilik.com\/wp-content\/uploads\/2024\/07\/Orme-Triko-Kumas-3.jpg 1000w, https:\/\/eminkumascilik.com\/wp-content\/uploads\/2024\/07\/Orme-Triko-Kumas-3-300x300.jpg 300w, https:\/\/eminkumascilik.com\/wp-content\/uploads\/2024\/07\/Orme-Triko-Kumas-3-150x150.jpg 150w, https:\/\/eminkumascilik.com\/wp-content\/uploads\/2024\/07\/Orme-Triko-Kumas-3-768x768.jpg 768w\" sizes=\"(max-width: 1000px) 100vw, 1000px\" \/>\n                <\/div>\n                \n                <div class=\"elementskit-box-body ekit-image-box-body\">\n                    <div class=\"elementskit-box-content ekit-image-box-body-inner\">\n                                                <h4 class=\"elementskit-info-box-title\">\n\n                        Triko Kuma\u015f\n                        \n                    <\/h4>\n                                                            <div class=\"elementskit-box-style-content\">\n                        riko kuma\u015f, ipliklerin \u00f6zel triko makinelerinde \u00f6r\u00fclmesiyle elde edilen, yumu\u015fak, esnek ve konforlu bir kuma\u015f t\u00fcr\u00fcd\u00fcr.                     <\/div>\n                                    <\/div>\n\n                                <div class=\"elementskit-box-footer\">\n                    <div class=\"box-footer\">\n                        <div class=\"btn-wraper\">\n                                                            <a href=\"http:\/\/demo.aspinatekstil.com\/index.php\/triko-kumas-imalati\/\" class=\"elementskit-btn whitespace--normal\">\n                                    \u0130NCELE\n                                    <svg aria-hidden=\"true\" class=\"e-font-icon-svg e-far-arrow-alt-circle-right\" viewBox=\"0 0 512 512\" xmlns=\"http:\/\/www.w3.org\/2000\/svg\"><path d=\"M504 256C504 119 393 8 256 8S8 119 8 256s111 248 248 248 248-111 248-248zm-448 0c0-110.5 89.5-200 200-200s200 89.5 200 200-89.5 200-200 200S56 366.5 56 256zm72 20v-40c0-6.6 5.4-12 12-12h116v-67c0-10.7 12.9-16 20.5-8.5l99 99c4.7 4.7 4.7 12.3 0 17l-99 99c-7.6 7.6-20.5 2.2-20.5-8.5v-67H140c-6.6 0-12-5.4-12-12z\"><\/path><\/svg>\n                                <\/a>\n                                                        <\/div>\n                    <\/div>\n                <\/div>\n                            <\/div>\n            <\/div>\n    <\/div>\t\t\t\t<\/div>\n\t\t\t\t<\/div>\n\t\t\t\t<\/div>\n\t\t<div class=\"elementor-element elementor-element-f9bf5d2 e-con-full e-flex e-con e-child\" data-id=\"f9bf5d2\" data-element_type=\"container\">\n\t\t\t\t<div class=\"elementor-element elementor-element-87e3483 elementor-widget elementor-widget-spacer\" data-id=\"87e3483\" data-element_type=\"widget\" data-widget_type=\"spacer.default\">\n\t\t\t\t<div class=\"elementor-widget-container\">\n\t\t\t\t\t\t\t<div class=\"elementor-spacer\">\n\t\t\t<div class=\"elementor-spacer-inner\"><\/div>\n\t\t<\/div>\n\t\t\t\t\t\t<\/div>\n\t\t\t\t<\/div>\n\t\t<div class=\"elementor-element elementor-element-fbd13f2 e-con-full e-flex e-con e-child\" data-id=\"fbd13f2\" data-element_type=\"container\">\n\t\t\t\t<div class=\"elementor-element elementor-element-86e8a98 elementor-widget elementor-widget-spacer\" data-id=\"86e8a98\" data-element_type=\"widget\" data-widget_type=\"spacer.default\">\n\t\t\t\t<div class=\"elementor-widget-container\">\n\t\t\t\t\t\t\t<div class=\"elementor-spacer\">\n\t\t\t<div class=\"elementor-spacer-inner\"><\/div>\n\t\t<\/div>\n\t\t\t\t\t\t<\/div>\n\t\t\t\t<\/div>\n\t\t\t\t<\/div>\n\t\t\t\t<\/div>\n\t\t\t\t\t<\/div>\n\t\t\t\t<\/div>\n\t\t<div class=\"elementor-element elementor-element-e5eac75 e-flex e-con-boxed e-con e-parent\" data-id=\"e5eac75\" data-element_type=\"container\" data-settings=\"{&quot;background_background&quot;:&quot;classic&quot;}\">\n\t\t\t\t\t<div class=\"e-con-inner\">\n\t\t\t\t<div class=\"elementor-element elementor-element-4478427 elementor-widget elementor-widget-heading\" data-id=\"4478427\" data-element_type=\"widget\" data-widget_type=\"heading.default\">\n\t\t\t\t<div class=\"elementor-widget-container\">\n\t\t\t\t\t<h3 class=\"elementor-heading-title elementor-size-default\">\u00dcretimini \u0130stedi\u011finiz Kuma\u015f Kalitesini Bize Dan\u0131\u015f\u0131n<\/h3>\t\t\t\t<\/div>\n\t\t\t\t<\/div>\n\t\t\t\t<div class=\"elementor-element elementor-element-164a536 elementor-widget__width-initial elementor-widget elementor-widget-text-editor\" data-id=\"164a536\" data-element_type=\"widget\" data-widget_type=\"text-editor.default\">\n\t\t\t\t<div class=\"elementor-widget-container\">\n\t\t\t\t\t\t\t\t\t<p>\u0130stedi\u011finiz veya arad\u0131\u011f\u0131n\u0131z kuma\u015f kalitesini bizimle payla\u015f\u0131n sonras\u0131nda \u00fcretim s\u00fcrecini g\u00f6r\u00fc\u015felim. Size en uygun kuma\u015f alternatifleriyle \u00fcr\u00fcnlerinize trend katal\u0131m.<\/p>\t\t\t\t\t\t\t\t<\/div>\n\t\t\t\t<\/div>\n\t\t\t\t<div class=\"elementor-element elementor-element-60eaae6 elementor-align-center elementor-widget elementor-widget-button\" data-id=\"60eaae6\" data-element_type=\"widget\" data-widget_type=\"button.default\">\n\t\t\t\t<div class=\"elementor-widget-container\">\n\t\t\t\t\t\t\t\t\t<div class=\"elementor-button-wrapper\">\n\t\t\t\t\t<a class=\"elementor-button elementor-button-link elementor-size-sm\" href=\"https:\/\/eminkumascilik.com\/index.php\/iletisim\/\">\n\t\t\t\t\t\t<span class=\"elementor-button-content-wrapper\">\n\t\t\t\t\t\t\t\t\t<span class=\"elementor-button-text\">\u0130LET\u0130\u015e\u0130M<\/span>\n\t\t\t\t\t<\/span>\n\t\t\t\t\t<\/a>\n\t\t\t\t<\/div>\n\t\t\t\t\t\t\t\t<\/div>\n\t\t\t\t<\/div>\n\t\t\t\t\t<\/div>\n\t\t\t\t<\/div>\n\t\t<div class=\"elementor-element elementor-element-06f91f3 e-flex e-con-boxed e-con e-parent\" data-id=\"06f91f3\" data-element_type=\"container\">\n\t\t\t\t\t<div class=\"e-con-inner\">\n\t\t\t\t<div class=\"elementor-element elementor-element-731bb4b elementor-widget elementor-widget-spacer\" data-id=\"731bb4b\" data-element_type=\"widget\" data-widget_type=\"spacer.default\">\n\t\t\t\t<div class=\"elementor-widget-container\">\n\t\t\t\t\t\t\t<div class=\"elementor-spacer\">\n\t\t\t<div class=\"elementor-spacer-inner\"><\/div>\n\t\t<\/div>\n\t\t\t\t\t\t<\/div>\n\t\t\t\t<\/div>\n\t\t\t\t\t<\/div>\n\t\t\t\t<\/div>\n\t\t\t\t<\/div>\n\t\t","protected":false},"excerpt":{"rendered":"<p>\u00dcr\u00fcnlerimiz Anasayfa \/ \u00dcr\u00fcnlerimiz EM\u0130N KUMA\u015e\u00c7ILIK \u00dcretim Yelpazemiz Firmam\u0131z, y\u0131llar\u0131n tecr\u00fcbesi ve yenilik\u00e7i yakla\u015f\u0131mlar\u0131m\u0131zla, kuma\u015f \u00fcretiminde sekt\u00f6re \u00f6nc\u00fcl\u00fck etmektedir. \u00dcretim yelpazemiz, her t\u00fcrl\u00fc ihtiyaca y\u00f6nelik geni\u015f bir \u00fcr\u00fcn gam\u0131 sunar \u00d6rme Kuma\u015f \u00d6rme kuma\u015f, ipliklerin birbiri etraf\u0131nda \u00f6r\u00fclerek olu\u015fturulan esnek ve dayan\u0131kl\u0131 bir tekstil malzemesidir. Bu kuma\u015flar, genellikle giyim sekt\u00f6r\u00fcnde ve ev tekstil \u00fcr\u00fcnlerinde kullan\u0131l\u0131r. [&hellip;]<\/p>\n","protected":false},"author":1,"featured_media":0,"parent":0,"menu_order":0,"comment_status":"closed","ping_status":"closed","template":"elementor_header_footer","meta":{"footnotes":""},"class_list":["post-162","page","type-page","status-publish","hentry"],"_links":{"self":[{"href":"https:\/\/eminkumascilik.com\/index.php\/wp-json\/wp\/v2\/pages\/162","targetHints":{"allow":["GET"]}}],"collection":[{"href":"https:\/\/eminkumascilik.com\/index.php\/wp-json\/wp\/v2\/pages"}],"about":[{"href":"https:\/\/eminkumascilik.com\/index.php\/wp-json\/wp\/v2\/types\/page"}],"author":[{"embeddable":true,"href":"https:\/\/eminkumascilik.com\/index.php\/wp-json\/wp\/v2\/users\/1"}],"replies":[{"embeddable":true,"href":"https:\/\/eminkumascilik.com\/index.php\/wp-json\/wp\/v2\/comments?post=162"}],"version-history":[{"count":17,"href":"https:\/\/eminkumascilik.com\/index.php\/wp-json\/wp\/v2\/pages\/162\/revisions"}],"predecessor-version":[{"id":689,"href":"https:\/\/eminkumascilik.com\/index.php\/wp-json\/wp\/v2\/pages\/162\/revisions\/689"}],"wp:attachment":[{"href":"https:\/\/eminkumascilik.com\/index.php\/wp-json\/wp\/v2\/media?parent=162"}],"curies":[{"name":"wp","href":"https:\/\/api.w.org\/{rel}","templated":true}]}}